{"id":320,"date":"2021-05-19T12:44:03","date_gmt":"2021-05-19T10:44:03","guid":{"rendered":"https:\/\/ini.tuiasi.ro\/conference\/?page_id=320"},"modified":"2025-03-03T15:56:32","modified_gmt":"2025-03-03T12:56:32","slug":"international-scientific-committee","status":"publish","type":"page","link":"https:\/\/ini.tuiasi.ro\/conference\/international-scientific-committee\/","title":{"rendered":"International Scientific Committee"},"content":{"rendered":"[vc_row type=&#8221;full_width_background&#8221; full_screen_row_position=&#8221;middle&#8221; column_margin=&#8221;default&#8221; column_direction=&#8221;default&#8221; column_direction_tablet=&#8221;default&#8221; column_direction_phone=&#8221;default&#8221; scene_position=&#8221;center&#8221; top_padding=&#8221;7%&#8221; bottom_padding=&#8221;7%&#8221; text_color=&#8221;dark&#8221; text_align=&#8221;left&#8221; row_border_radius=&#8221;none&#8221; row_border_radius_applies=&#8221;bg&#8221; overflow=&#8221;visible&#8221; overlay_strength=&#8221;0.3&#8243; gradient_direction=&#8221;left_to_right&#8221; shape_divider_position=&#8221;bottom&#8221; bg_image_animation=&#8221;none&#8221;][vc_column column_padding=&#8221;padding-2-percent&#8221; column_padding_tablet=&#8221;inherit&#8221; column_padding_phone=&#8221;inherit&#8221; column_padding_position=&#8221;all&#8221; column_element_direction_desktop=&#8221;default&#8221; column_element_spacing=&#8221;default&#8221; desktop_text_alignment=&#8221;default&#8221; tablet_text_alignment=&#8221;default&#8221; phone_text_alignment=&#8221;default&#8221; background_color_opacity=&#8221;1&#8243; background_hover_color_opacity=&#8221;1&#8243; column_backdrop_filter=&#8221;none&#8221; column_shadow=&#8221;none&#8221; column_border_radius=&#8221;none&#8221; column_link_target=&#8221;_self&#8221; column_position=&#8221;default&#8221; gradient_direction=&#8221;left_to_right&#8221; overlay_strength=&#8221;0.3&#8243; width=&#8221;2\/3&#8243; tablet_width_inherit=&#8221;default&#8221; animation_type=&#8221;default&#8221; bg_image_animation=&#8221;none&#8221; border_type=&#8221;simple&#8221; column_border_width=&#8221;none&#8221; column_border_style=&#8221;solid&#8221;]<div class=\"nectar-fancy-ul\" data-list-icon=\"icon-salient-thin-line\" data-animation=\"false\" data-animation-delay=\"0\" data-color=\"extra-color-3\" data-spacing=\"default\" data-alignment=\"left\"> \n<ul>\n<li>\n<h4><strong>Mirela BLAGA<\/strong>, Technical University &#8220;Gheorghe Asachi&#8221; of Iasi,\u00a0Romania<\/h4>\n<\/li>\n<li>\n<h4><strong>Diana CIOLACU<\/strong>, Laboratory of Physical Chemistry of Polimers \u201ePetru\u00a0Poni\u201d, Iasi, Romania<\/h4>\n<\/li>\n<li>\n<h4><strong>Radu CIORAP<\/strong>, University of Medicine and Pharmacy \u201cGr.T.Popa\u201d of\u00a0Iasi, Romania<\/h4>\n<\/li>\n<li>\n<h4><strong>Cornel CIUPAN<\/strong>, Technical University of Cluj-Napoca, Romania<\/h4>\n<\/li>\n<li>\n<h4><strong>C\u0103t\u0103lin DUMITRA\u015e<\/strong>, Technical University &#8220;Gheorghe Asachi&#8221; of Iasi,\u00a0Romania<\/h4>\n<\/li>\n<li>\n<h4><strong>C\u0103t\u0103lin FETEC\u0102U<\/strong>, University \u201c Dunarea de Jos\u201d of Galati, Romania<\/h4>\n<\/li>\n<li>\n<h4><strong>Ada FERRI<\/strong>, Politecnico di Torino, Italy<\/h4>\n<\/li>\n<li>\n<h4><strong>Victor ILIESCU<\/strong>, University of Agricultural Sciences and Veterinary\u00a0Medicine of Bucharest, Romania<\/h4>\n<\/li>\n<li>\n<h4><strong>Romi\u0163a IUCU<\/strong>, University of Bucharest, Romania<\/h4>\n<\/li>\n<li>\n<h4><strong>Marie-Christine JANSSENS<\/strong>, Katholieke Universiteit Leuven, Belgium<\/h4>\n<\/li>\n<li>\n<h4><strong>Arzu MARMARALI<\/strong>, Ege University, Turkey<\/h4>\n<\/li>\n<li>\n<h4><strong>Alexandru MARIN<\/strong>, University &#8220;Politehnica&#8221; of Bucharest , Romania<\/h4>\n<\/li>\n<li>\n<h4><strong>Liviu MIRON<\/strong>, University of Agricultural Sciences and Veterinary\u00a0Medicine \u201cIon Ionescu de la Brad\u201d of Iasi,\u00a0 Romania<\/h4>\n<\/li>\n<li>\n<h4><strong>Radu A. MUNTEANU<\/strong>, Technical University of Cluj-Napoca, Romania<\/h4>\n<\/li>\n<li>\n<h4><strong>Adrian OPRE<\/strong>, \u201cBabes-Bolyai\u201d University of Cluj-Napoca, Romania<\/h4>\n<\/li>\n<li>\n<h4><strong>Mariano RICCHERI<\/strong>, Alicante, Spain<\/h4>\n<\/li>\n<li>\n<h4><strong>Ion ROCEANU<\/strong>, National Defence University \u201cCarol I\u201d of Bucharest,\u00a0Romania<\/h4>\n<\/li>\n<li>\n<h4><strong>Ioan C\u0103lin RO\u015eCA<\/strong>, \u201cTransilvania\u201d University of Brasov, Romania<\/h4>\n<\/li>\n<li>\n<h4><strong>Andrei SANDU<\/strong>, Technical University &#8220;Gheorghe Asachi&#8221; of Iasi,\u00a0Romania<\/h4>\n<\/li>\n<li>\n<h4><strong>Neculai SEGHEDIN<\/strong>, Technical University &#8220;Gheorghe Asachi&#8221; of Iasi,\u00a0Romania<\/h4>\n<\/li>\n<li>\n<h4><strong>Mihail Aurel \u0162\u00ce\u0162U<\/strong>, &#8220;Lucian Blaga&#8221; University, Sibiu, Romania<\/h4>\n<\/li>\n<li>\n<h4><strong>Miron ZAPCIU<\/strong>, University \u201cPolitehnica&#8221; of Bucharest, Romania<\/h4>\n<\/li>\n<li>\n<h4><strong>Piotr ZAKRZEWSKI<\/strong>, Polish Patent Office, Poland<\/h4>\n<\/li>\n<li>\n<h4><strong>Savvas VASSILIADIS<\/strong>, University of West Attica, Greece<\/h4>\n<\/li>\n<\/ul>\n <\/div>[\/vc_column][vc_column column_padding=&#8221;padding-2-percent&#8221; column_padding_tablet=&#8221;inherit&#8221; column_padding_phone=&#8221;inherit&#8221; column_padding_position=&#8221;all&#8221; column_element_direction_desktop=&#8221;default&#8221; column_element_spacing=&#8221;default&#8221; desktop_text_alignment=&#8221;default&#8221; tablet_text_alignment=&#8221;default&#8221; phone_text_alignment=&#8221;default&#8221; background_color_opacity=&#8221;1&#8243; background_hover_color_opacity=&#8221;1&#8243; column_backdrop_filter=&#8221;none&#8221; column_shadow=&#8221;none&#8221; column_border_radius=&#8221;none&#8221; column_link_target=&#8221;_self&#8221; column_position=&#8221;default&#8221; gradient_direction=&#8221;left_to_right&#8221; overlay_strength=&#8221;0.3&#8243; width=&#8221;1\/3&#8243; tablet_width_inherit=&#8221;default&#8221; animation_type=&#8221;default&#8221; bg_image_animation=&#8221;none&#8221; border_type=&#8221;simple&#8221; column_border_width=&#8221;none&#8221; column_border_style=&#8221;solid&#8221;][vc_custom_heading text=&#8221;Our most honoured members&#8221; font_container=&#8221;tag:h5|font_size:16|text_align:left|color:%230a0a0a&#8221; google_fonts=&#8221;font_family:Roboto%3A100%2C100italic%2C300%2C300italic%2Cregular%2Citalic%2C500%2C500italic%2C700%2C700italic%2C900%2C900italic|font_style:700%20bold%20regular%3A700%3Anormal&#8221;][nectar_icon icon_family=&#8221;fontawesome&#8221; icon_style=&#8221;default&#8221; icon_color_type=&#8221;color_scheme&#8221; icon_color=&#8221;Accent-Color&#8221; icon_padding=&#8221;20px&#8221; pointer_events=&#8221;all&#8221; icon_fontawesome=&#8221;fa fa-quora&#8221;][\/vc_column][\/vc_row]\n","protected":false},"excerpt":{"rendered":"<p>[vc_row type=&#8221;full_width_background&#8221; full_screen_row_position=&#8221;middle&#8221; column_margin=&#8221;default&#8221; column_direction=&#8221;default&#8221; column_direction_tablet=&#8221;default&#8221; column_direction_phone=&#8221;default&#8221; scene_position=&#8221;center&#8221; top_padding=&#8221;7%&#8221; bottom_padding=&#8221;7%&#8221; text_color=&#8221;dark&#8221; text_align=&#8221;left&#8221; row_border_radius=&#8221;none&#8221; row_border_radius_applies=&#8221;bg&#8221; overflow=&#8221;visible&#8221; overlay_strength=&#8221;0.3&#8243; gradient_direction=&#8221;left_to_right&#8221; shape_divider_position=&#8221;bottom&#8221; bg_image_animation=&#8221;none&#8221;][vc_column column_padding=&#8221;padding-2-percent&#8221; column_padding_tablet=&#8221;inherit&#8221; column_padding_phone=&#8221;inherit&#8221; column_padding_position=&#8221;all&#8221; column_element_direction_desktop=&#8221;default&#8221; column_element_spacing=&#8221;default&#8221; desktop_text_alignment=&#8221;default&#8221; tablet_text_alignment=&#8221;default&#8221; phone_text_alignment=&#8221;default&#8221; background_color_opacity=&#8221;1&#8243; background_hover_color_opacity=&#8221;1&#8243;&#8230;<\/p>\n","protected":false},"author":2,"featured_media":0,"parent":0,"menu_order":0,"comment_status":"closed","ping_status":"closed","template":"","meta":{"footnotes":""},"class_list":["post-320","page","type-page","status-publish"],"_links":{"self":[{"href":"https:\/\/ini.tuiasi.ro\/conference\/wp-json\/wp\/v2\/pages\/320","targetHints":{"allow":["GET"]}}],"collection":[{"href":"https:\/\/ini.tuiasi.ro\/conference\/wp-json\/wp\/v2\/pages"}],"about":[{"href":"https:\/\/ini.tuiasi.ro\/conference\/wp-json\/wp\/v2\/types\/page"}],"author":[{"embeddable":true,"href":"https:\/\/ini.tuiasi.ro\/conference\/wp-json\/wp\/v2\/users\/2"}],"replies":[{"embeddable":true,"href":"https:\/\/ini.tuiasi.ro\/conference\/wp-json\/wp\/v2\/comments?post=320"}],"version-history":[{"count":21,"href":"https:\/\/ini.tuiasi.ro\/conference\/wp-json\/wp\/v2\/pages\/320\/revisions"}],"predecessor-version":[{"id":1421,"href":"https:\/\/ini.tuiasi.ro\/conference\/wp-json\/wp\/v2\/pages\/320\/revisions\/1421"}],"wp:attachment":[{"href":"https:\/\/ini.tuiasi.ro\/conference\/wp-json\/wp\/v2\/media?parent=320"}],"curies":[{"name":"wp","href":"https:\/\/api.w.org\/{rel}","templated":true}]}}